{"id":1716,"date":"2024-06-17T15:49:16","date_gmt":"2024-06-17T13:49:16","guid":{"rendered":"https:\/\/domaine-femme-allongee.fr\/?page_id=1716"},"modified":"2024-06-17T16:08:14","modified_gmt":"2024-06-17T14:08:14","slug":"cartagene","status":"publish","type":"page","link":"https:\/\/domaine-femme-allongee.fr\/index.php\/cartagene\/","title":{"rendered":"Cartagene"},"content":{"rendered":"\t\t<div data-elementor-type=\"wp-page\" data-elementor-id=\"1716\" class=\"elementor elementor-1716\">\n\t\t\t\t<div class=\"elementor-element elementor-element-464de44 e-flex e-con-boxed e-con e-parent\" data-id=\"464de44\" data-element_type=\"container\" data-settings=\"{&quot;background_background&quot;:&quot;classic&quot;}\">\n\t\t\t\t\t<div class=\"e-con-inner\">\n\t\t\t\t<div class=\"elementor-element elementor-element-5e441b9 elementor-widget__width-initial elementor-widget elementor-widget-image\" data-id=\"5e441b9\" data-element_type=\"widget\" data-widget_type=\"image.default\">\n\t\t\t\t<div class=\"elementor-widget-container\">\n\t\t\t<style>\/*! elementor - v3.21.0 - 26-05-2024 *\/\n.elementor-widget-image{text-align:center}.elementor-widget-image a{display:inline-block}.elementor-widget-image a img[src$=\".svg\"]{width:48px}.elementor-widget-image img{vertical-align:middle;display:inline-block}<\/style>\t\t\t\t\t\t\t\t\t\t<img fetchpriority=\"high\" decoding=\"async\" width=\"1000\" height=\"617\" src=\"https:\/\/domaine-femme-allongee.fr\/wp-content\/uploads\/2024\/06\/domaine-viticole-herault-valeurs.jpg\" class=\"attachment-full size-full wp-image-1268\" alt=\"\" srcset=\"https:\/\/domaine-femme-allongee.fr\/wp-content\/uploads\/2024\/06\/domaine-viticole-herault-valeurs.jpg 1000w, https:\/\/domaine-femme-allongee.fr\/wp-content\/uploads\/2024\/06\/domaine-viticole-herault-valeurs-300x185.jpg 300w, https:\/\/domaine-femme-allongee.fr\/wp-content\/uploads\/2024\/06\/domaine-viticole-herault-valeurs-768x474.jpg 768w\" sizes=\"(max-width: 1000px) 100vw, 1000px\" \/>\t\t\t\t\t\t\t\t\t\t\t\t\t<\/div>\n\t\t\t\t<\/div>\n\t\t\t\t<div class=\"elementor-element elementor-element-3d3200a elementor-widget elementor-widget-heading\" data-id=\"3d3200a\" data-element_type=\"widget\" data-widget_type=\"heading.default\">\n\t\t\t\t<div class=\"elementor-widget-container\">\n\t\t\t<style>\/*! elementor - v3.21.0 - 26-05-2024 *\/\n.elementor-heading-title{padding:0;margin:0;line-height:1}.elementor-widget-heading .elementor-heading-title[class*=elementor-size-]>a{color:inherit;font-size:inherit;line-height:inherit}.elementor-widget-heading .elementor-heading-title.elementor-size-small{font-size:15px}.elementor-widget-heading .elementor-heading-title.elementor-size-medium{font-size:19px}.elementor-widget-heading .elementor-heading-title.elementor-size-large{font-size:29px}.elementor-widget-heading .elementor-heading-title.elementor-size-xl{font-size:39px}.elementor-widget-heading .elementor-heading-title.elementor-size-xxl{font-size:59px}<\/style><h2 class=\"elementor-heading-title elementor-size-default\">Cartag\u00e8ne<\/h2>\t\t<\/div>\n\t\t\t\t<\/div>\n\t\t\t\t\t<\/div>\n\t\t\t\t<\/div>\n\t\t<div class=\"elementor-element elementor-element-76e69e1 e-flex e-con-boxed e-con e-parent\" data-id=\"76e69e1\" data-element_type=\"container\">\n\t\t\t\t\t<div class=\"e-con-inner\">\n\t\t\t\t<div class=\"elementor-element elementor-element-ae02011 elementor-widget elementor-widget-text-editor\" data-id=\"ae02011\" data-element_type=\"widget\" data-widget_type=\"text-editor.default\">\n\t\t\t\t<div class=\"elementor-widget-container\">\n\t\t\t<style>\/*! elementor - v3.21.0 - 26-05-2024 *\/\n.elementor-widget-text-editor.elementor-drop-cap-view-stacked .elementor-drop-cap{background-color:#69727d;color:#fff}.elementor-widget-text-editor.elementor-drop-cap-view-framed .elementor-drop-cap{color:#69727d;border:3px solid;background-color:transparent}.elementor-widget-text-editor:not(.elementor-drop-cap-view-default) .elementor-drop-cap{margin-top:8px}.elementor-widget-text-editor:not(.elementor-drop-cap-view-default) .elementor-drop-cap-letter{width:1em;height:1em}.elementor-widget-text-editor .elementor-drop-cap{float:left;text-align:center;line-height:1;font-size:50px}.elementor-widget-text-editor .elementor-drop-cap-letter{display:inline-block}<\/style>\t\t\t\t<p><strong>LIQUEUR DU DOMAINE\u00a0<\/strong><\/p>\t\t\t\t\t\t<\/div>\n\t\t\t\t<\/div>\n\t\t\t\t\t<\/div>\n\t\t\t\t<\/div>\n\t\t<div class=\"elementor-element elementor-element-6512f60 e-grid e-con-boxed e-con e-parent\" data-id=\"6512f60\" data-element_type=\"container\">\n\t\t\t\t\t<div class=\"e-con-inner\">\n\t\t\t\t<div class=\"elementor-element elementor-element-4f7637d elementor-widget elementor-widget-image\" data-id=\"4f7637d\" data-element_type=\"widget\" data-widget_type=\"image.default\">\n\t\t\t\t<div class=\"elementor-widget-container\">\n\t\t\t\t\t\t\t\t\t\t<figure class=\"wp-caption\">\n\t\t\t\t\t\t\t\t\t\t<img decoding=\"async\" width=\"665\" height=\"1024\" src=\"https:\/\/domaine-femme-allongee.fr\/wp-content\/uploads\/2024\/06\/Photo-Cartagene-665x1024.jpg\" class=\"attachment-large size-large wp-image-1579\" alt=\"\" srcset=\"https:\/\/domaine-femme-allongee.fr\/wp-content\/uploads\/2024\/06\/Photo-Cartagene-665x1024.jpg 665w, https:\/\/domaine-femme-allongee.fr\/wp-content\/uploads\/2024\/06\/Photo-Cartagene-195x300.jpg 195w, https:\/\/domaine-femme-allongee.fr\/wp-content\/uploads\/2024\/06\/Photo-Cartagene-768x1183.jpg 768w, https:\/\/domaine-femme-allongee.fr\/wp-content\/uploads\/2024\/06\/Photo-Cartagene-997x1536.jpg 997w, https:\/\/domaine-femme-allongee.fr\/wp-content\/uploads\/2024\/06\/Photo-Cartagene-1329x2048.jpg 1329w, https:\/\/domaine-femme-allongee.fr\/wp-content\/uploads\/2024\/06\/Photo-Cartagene-scaled.jpg 1661w\" sizes=\"(max-width: 665px) 100vw, 665px\" \/>\t\t\t\t\t\t\t\t\t\t\t<figcaption class=\"widget-image-caption wp-caption-text\">Tarif caveaux  22,00 \u20ac TTC<\/figcaption>\n\t\t\t\t\t\t\t\t\t\t<\/figure>\n\t\t\t\t\t\t\t<\/div>\n\t\t\t\t<\/div>\n\t\t\t\t<div class=\"elementor-element elementor-element-2c328be elementor-widget elementor-widget-text-editor\" data-id=\"2c328be\" data-element_type=\"widget\" data-widget_type=\"text-editor.default\">\n\t\t\t\t<div class=\"elementor-widget-container\">\n\t\t\t\t\t\t\t<div class=\"et_pb_module et_pb_text et_pb_text_2 et_pb_bg_layout_light et_pb_text_align_left\"><div class=\"et_pb_text_inner\"><p><b>Origine du nom<\/b><\/p><p>\u00ab\u00a0D\u2019apr\u00e8s une recette ancestrale, la fabrication de cette mistelle s\u2019\u00e9labore en proportionnant rigoureusement l\u2019eau de vie au mo\u00fbt de raisin. Mais nous pr\u00e9f\u00e9rons l\u2019histoire des femmes des marins de l\u2019Invincible Armada, flotte de guerre espagnole, qui concoctaient, pour leurs \u00e9poux, cette boisson donnant force et courage pour affronter les mers, les temp\u00eates et la solitude. Appel\u00e9e \u00ab\u00a0<a href=\"https:\/\/fr.wikipedia.org\/wiki\/Carthag\u00e8ne_(boisson)\">La Cartag\u00e8ne<\/a>\u00a0\u00bb, elle gagna peu \u00e0 peu les territoires du Languedoc pour en devenir une v\u00e9ritable tradition.\u00a0\u00bb Albin Gracia.<\/p><\/div><\/div><div class=\"et_pb_module et_pb_text et_pb_text_3 et_pb_bg_layout_light et_pb_text_align_left\"><div class=\"et_pb_text_inner\"><p>\u00a0<\/p><p><b>C\u00e9pages<\/b><\/p><p>Roussane, Grenache blanc, Clairette.<\/p><\/div><\/div><div class=\"et_pb_module et_pb_text et_pb_text_4 et_pb_bg_layout_light et_pb_text_align_left\"><div class=\"et_pb_text_inner\"><p>\u00a0<\/p><p><b>Vinification de la cuv\u00e9e<\/b><\/p><p>\u00c9levage en barrique sans ouillage, recherche de l\u2019oxydation.<br \/>Pressurage, d\u00e9bourbage au froid \u00e0 10\u00b0C durant 24h.<br \/>Mutage du jus de raisin par ajout d\u2019eau de vie du Languedoc \u00e0 71\u00b0.<br \/>On emp\u00eache ainsi le jus de fermenter. Le degr\u00e9 voulu est de 15,5 %.<br \/>Pas de collage, ni filtration.<\/p><\/div><\/div><div class=\"et_pb_module et_pb_text et_pb_text_5 et_pb_bg_layout_light et_pb_text_align_left\"><div class=\"et_pb_text_inner\"><p>\u00a0<\/p><p><strong>Culture et\u00a0<\/strong><strong>terroir\u00a0<\/strong><\/p><p>Culture raisonn\u00e9e\u00a0: apport d\u2019amendement organique, broyage de sarments.<br \/>Tout le processus, de la vigne \u00e0 la commercialisation est r\u00e9alis\u00e9 au domaine par les vignerons.<br \/>Labour tous les rangs, 3 \u00e0 4 fois par an.<br \/>Cueillette manuelle en caissettes de 20 \u00e0 25 kg.<br \/>Rendement : 40hl\/ha.<br \/>Plateau argilo-calcaire.<br \/>Le vin de liqueur\u00a0La<strong>\u00a0Cartag\u00e8ne<\/strong>\u00a0ne contient aucun des intrants devenus classiques dans l\u2019\u0153nologie moderne, il est l\u2019oppos\u00e9 des vins technologiques.<\/p><\/div><\/div>\t\t\t\t\t\t<\/div>\n\t\t\t\t<\/div>\n\t\t\t\t\t<\/div>\n\t\t\t\t<\/div>\n\t\t<div class=\"elementor-element elementor-element-7aee2c5 e-grid e-con-boxed e-con e-parent\" data-id=\"7aee2c5\" data-element_type=\"container\">\n\t\t\t\t\t<div class=\"e-con-inner\">\n\t\t\t\t<div class=\"elementor-element elementor-element-1e113b2 elementor-widget elementor-widget-text-editor\" data-id=\"1e113b2\" data-element_type=\"widget\" data-widget_type=\"text-editor.default\">\n\t\t\t\t<div class=\"elementor-widget-container\">\n\t\t\t\t\t\t\t<p><b>D\u00e9gustation<\/b><\/p><p>De couleur dor\u00e9e, ce vin, \u00e9lev\u00e9 en sol\u00e9ra o\u00f9 le vin vieux \u00e9duque le vin jeune, poss\u00e8de une richesse et puissance exceptionnelle. Le nez \u00e9voque les agrumes confits, orange et cl\u00e9mentine. La bouche est grasse, riche, avec les m\u00eames ar\u00f4mes. La longueur est exceptionnelle. Les ar\u00f4mes sont miell\u00e9s avec une note de belle fra\u00eecheur due \u00e0 un terroir d\u2019altitude. Ce vin, issu d\u2019une vieille tradition locale, mut\u00e9 \u00e0 l\u2019eau de vie du Languedoc et \u00e9lev\u00e9 dans des barriques au \u00be pleines est l\u2019antith\u00e8se du vin classique.<\/p>\t\t\t\t\t\t<\/div>\n\t\t\t\t<\/div>\n\t\t\t\t<div class=\"elementor-element elementor-element-df0b763 elementor-widget elementor-widget-image\" data-id=\"df0b763\" data-element_type=\"widget\" data-widget_type=\"image.default\">\n\t\t\t\t<div class=\"elementor-widget-container\">\n\t\t\t\t\t\t\t\t\t\t\t\t\t<img decoding=\"async\" width=\"421\" height=\"280\" src=\"https:\/\/domaine-femme-allongee.fr\/wp-content\/uploads\/2024\/06\/DFA-portrait.jpg\" class=\"attachment-large size-large wp-image-1265\" alt=\"\" srcset=\"https:\/\/domaine-femme-allongee.fr\/wp-content\/uploads\/2024\/06\/DFA-portrait.jpg 421w, https:\/\/domaine-femme-allongee.fr\/wp-content\/uploads\/2024\/06\/DFA-portrait-300x200.jpg 300w\" sizes=\"(max-width: 421px) 100vw, 421px\" \/>\t\t\t\t\t\t\t\t\t\t\t\t\t<\/div>\n\t\t\t\t<\/div>\n\t\t\t\t<div class=\"elementor-element elementor-element-4303ac0 elementor-widget elementor-widget-text-editor\" data-id=\"4303ac0\" data-element_type=\"widget\" data-widget_type=\"text-editor.default\">\n\t\t\t\t<div class=\"elementor-widget-container\">\n\t\t\t\t\t\t\t<p><strong>Le mot du vigneron<\/strong><\/p><p>Un vin mut\u00e9 aux allures de liqueur avec des notes de miel et de fruits confits. Parfait pour accompagner les desserts fruit\u00e9s.<\/p>\t\t\t\t\t\t<\/div>\n\t\t\t\t<\/div>\n\t\t\t\t\t<\/div>\n\t\t\t\t<\/div>\n\t\t<div class=\"elementor-element elementor-element-39f14a4 e-grid e-con-boxed e-con e-parent\" data-id=\"39f14a4\" data-element_type=\"container\">\n\t\t\t\t\t<div class=\"e-con-inner\">\n\t\t\t\t<div class=\"elementor-element elementor-element-47f897a elementor-widget elementor-widget-text-editor\" data-id=\"47f897a\" data-element_type=\"widget\" data-widget_type=\"text-editor.default\">\n\t\t\t\t<div class=\"elementor-widget-container\">\n\t\t\t\t\t\t\t<div class=\"et_pb_module et_pb_text et_pb_text_7 et_pb_bg_layout_light et_pb_text_align_left\"><div class=\"et_pb_text_inner\"><p><strong>L\u2019astuce gourmande\u00a0\u00a0<\/strong><\/p><p>La<strong>\u00a0Cartag\u00e8ne\u00a0<\/strong>se boira sur les desserts aux fruits, seul pour le plaisir \u00e0 la fin d\u2019un repas. Il fera le bonheur des fumeurs de cigares.<\/p><\/div><\/div><div class=\"et_pb_module et_pb_text et_pb_text_8 et_pb_bg_layout_light et_pb_text_align_left\"><div class=\"et_pb_text_inner\"><p><strong>Service\u00a0<\/strong>\u00a0<\/p><p>Conserv\u00e9 debout, il pourrait faire la joie de vos petits-enfants.<br \/>Peut se garder ind\u00e9finiment dans votre cave.<\/p><\/div><\/div><div class=\"et_pb_module et_pb_text et_pb_text_9 et_pb_bg_layout_light et_pb_text_align_left\"><div class=\"et_pb_text_inner\"><p><b>\u00a0<\/b><\/p><p><b>Degr\u00e9 d\u2019alcool<\/b>\u00a0<\/p><p>15.50% vol.<\/p><\/div><\/div><div class=\"et_pb_module et_pb_text et_pb_text_10 et_pb_bg_layout_light et_pb_text_align_left\"><div class=\"et_pb_text_inner\"><p><b>\u00a0<\/b><\/p><p><b>Conditionnement<\/b>\u00a0<\/p><p>75 cl.<br \/>Bouteilles bourguignonnes avec bouchons li\u00e8ge.<br \/>Mise en bouteille et \u00e9tiquetage par nos soins au Domaine, par le GAEC du Domaine de la Femme Allong\u00e9e \u00e0 Assignan 34360 France.<\/p><\/div><\/div>\t\t\t\t\t\t<\/div>\n\t\t\t\t<\/div>\n\t\t\t\t<div class=\"elementor-element elementor-element-709566c elementor-widget elementor-widget-image\" data-id=\"709566c\" data-element_type=\"widget\" data-widget_type=\"image.default\">\n\t\t\t\t<div class=\"elementor-widget-container\">\n\t\t\t\t\t\t\t\t\t\t\t\t\t<img loading=\"lazy\" decoding=\"async\" width=\"626\" height=\"352\" src=\"https:\/\/domaine-femme-allongee.fr\/wp-content\/uploads\/2024\/06\/Cartagene-AOC-saint-chinian-domaine-femme-allongee.jpg\" class=\"attachment-large size-large wp-image-1258\" alt=\"\" srcset=\"https:\/\/domaine-femme-allongee.fr\/wp-content\/uploads\/2024\/06\/Cartagene-AOC-saint-chinian-domaine-femme-allongee.jpg 626w, https:\/\/domaine-femme-allongee.fr\/wp-content\/uploads\/2024\/06\/Cartagene-AOC-saint-chinian-domaine-femme-allongee-300x169.jpg 300w\" sizes=\"(max-width: 626px) 100vw, 626px\" \/>\t\t\t\t\t\t\t\t\t\t\t\t\t<\/div>\n\t\t\t\t<\/div>\n\t\t\t\t\t<\/div>\n\t\t\t\t<\/div>\n\t\t<div class=\"elementor-element elementor-element-6b0a471 e-flex e-con-boxed e-con e-parent\" data-id=\"6b0a471\" data-element_type=\"container\">\n\t\t\t\t\t<div class=\"e-con-inner\">\n\t\t\t\t<div class=\"elementor-element elementor-element-663659e elementor-widget elementor-widget-image\" data-id=\"663659e\" data-element_type=\"widget\" data-widget_type=\"image.default\">\n\t\t\t\t<div class=\"elementor-widget-container\">\n\t\t\t\t\t\t\t\t\t\t\t\t\t<img loading=\"lazy\" decoding=\"async\" width=\"1024\" height=\"152\" src=\"https:\/\/domaine-femme-allongee.fr\/wp-content\/uploads\/2024\/06\/55560432_1331430666982155_433745036371296256_n-e1553530852691-1024x152.png\" class=\"attachment-large size-large wp-image-1249\" alt=\"\" srcset=\"https:\/\/domaine-femme-allongee.fr\/wp-content\/uploads\/2024\/06\/55560432_1331430666982155_433745036371296256_n-e1553530852691-1024x152.png 1024w, https:\/\/domaine-femme-allongee.fr\/wp-content\/uploads\/2024\/06\/55560432_1331430666982155_433745036371296256_n-e1553530852691-300x44.png 300w, https:\/\/domaine-femme-allongee.fr\/wp-content\/uploads\/2024\/06\/55560432_1331430666982155_433745036371296256_n-e1553530852691-768x114.png 768w, https:\/\/domaine-femme-allongee.fr\/wp-content\/uploads\/2024\/06\/55560432_1331430666982155_433745036371296256_n-e1553530852691-1536x228.png 1536w, https:\/\/domaine-femme-allongee.fr\/wp-content\/uploads\/2024\/06\/55560432_1331430666982155_433745036371296256_n-e1553530852691-2048x303.png 2048w\" sizes=\"(max-width: 1024px) 100vw, 1024px\" \/>\t\t\t\t\t\t\t\t\t\t\t\t\t<\/div>\n\t\t\t\t<\/div>\n\t\t\t\t\t<\/div>\n\t\t\t\t<\/div>\n\t\t\t\t<\/div>\n\t\t","protected":false},"excerpt":{"rendered":"<p>Cartag\u00e8ne LIQUEUR DU DOMAINE\u00a0 Tarif caveaux 22,00 \u20ac TTC Origine du nom \u00ab\u00a0D\u2019apr\u00e8s une recette ancestrale, la fabrication de cette mistelle s\u2019\u00e9labore en proportionnant rigoureusement l\u2019eau de vie au mo\u00fbt de raisin. Mais nous pr\u00e9f\u00e9rons l\u2019histoire des femmes des marins de l\u2019Invincible Armada, flotte de guerre espagnole, qui concoctaient, pour leurs \u00e9poux, cette boisson donnant [&hellip;]<\/p>\n","protected":false},"author":1,"featured_media":0,"parent":0,"menu_order":0,"comment_status":"closed","ping_status":"closed","template":"","meta":{"_eb_attr":"","footnotes":""},"class_list":["post-1716","page","type-page","status-publish","hentry"],"blocksy_meta":{"page_title_panel":"","has_hero_section":"disabled","fd6d521f699a53c9976fdc53ec6df8aa":"","hero_section":"type-1","hero_elements":[{"id":"custom_title","enabled":true,"heading_tag":"h1","title":"Home"},{"id":"custom_description","enabled":true,"description_visibility":{"desktop":true,"tablet":true,"mobile":false}},{"id":"custom_meta","enabled":false,"meta_elements":[{"id":"author","enabled":true,"label":"By","has_author_avatar":"yes","avatar_size":25},{"id":"post_date","enabled":true,"label":"On","date_format_source":"default","date_format":"M j, Y"},{"id":"updated_date","enabled":false,"label":"On","date_format_source":"default","date_format":"M j, Y"},{"id":"categories","enabled":false,"label":"In","style":"simple"},{"id":"comments","enabled":true}],"page_meta_elements":{"joined":true,"articles_count":true,"comments":true}},{"id":"breadcrumbs","enabled":false}],"3673d9e92fccd9c068002911a4fca6f6":"","hero_alignment1":"CT_CSS_SKIP_RULE","hero_margin":40,"hero_alignment2":"center","hero_vertical_alignment":"center","148a5bc936a76c549bc6875136354cbe":"","hero_structure":"narrow","af3923fb95dca9553568f4619bab67d6":"","page_title_bg_type":"featured_image","custom_hero_background":{"attachment_id":null},"page_title_image_size":"full","parallax":{"desktop":false,"tablet":false,"mobile":false},"4496afa044bed9c6d01877e5c4eff395":"","hero_height":"250px","pageTitleFont":{"family":"Default","variation":"Default","size":"30px","line-height":"CT_CSS_SKIP_RULE","letter-spacing":"CT_CSS_SKIP_RULE","text-transform":"CT_CSS_SKIP_RULE","text-decoration":"CT_CSS_SKIP_RULE"},"pageTitleFontColor":{"default":{"color":"CT_CSS_SKIP_RULEDEFAULT"}},"pageMetaFont":{"family":"Default","variation":"n6","size":"12px","line-height":"1.3","letter-spacing":"CT_CSS_SKIP_RULE","text-transform":"uppercase","text-decoration":"CT_CSS_SKIP_RULE"},"pageMetaFontColor":{"default":{"color":"CT_CSS_SKIP_RULEDEFAULT"},"hover":{"color":"CT_CSS_SKIP_RULEDEFAULT"}},"page_meta_button_type_font_colors":{"default":{"color":"CT_CSS_SKIP_RULEDEFAULT"},"hover":{"color":"CT_CSS_SKIP_RULEDEFAULT"}},"page_meta_button_type_background_colors":{"default":{"color":"CT_CSS_SKIP_RULEDEFAULT"},"hover":{"color":"CT_CSS_SKIP_RULEDEFAULT"}},"pageExcerptFont":{"family":"Default","variation":"Default","size":"CT_CSS_SKIP_RULE","line-height":"CT_CSS_SKIP_RULE","letter-spacing":"CT_CSS_SKIP_RULE","text-transform":"CT_CSS_SKIP_RULE","text-decoration":"CT_CSS_SKIP_RULE"},"pageExcerptColor":{"default":{"color":"CT_CSS_SKIP_RULEDEFAULT"}},"breadcrumbsFont":{"family":"Default","variation":"Default","size":"CT_CSS_SKIP_RULE","line-height":"CT_CSS_SKIP_RULE","letter-spacing":"CT_CSS_SKIP_RULE","text-transform":"CT_CSS_SKIP_RULE","text-decoration":"CT_CSS_SKIP_RULE"},"breadcrumbsFontColor":{"default":{"color":"CT_CSS_SKIP_RULEDEFAULT"},"initial":{"color":"CT_CSS_SKIP_RULEDEFAULT"},"hover":{"color":"CT_CSS_SKIP_RULEDEFAULT"}},"pageTitleOverlay":{"background_type":"color","background_pattern":"type-1","background_image":{"attachment_id":null,"x":0,"y":0},"gradient":"linear-gradient(135deg,rgba(6,147,227,1) 0%,rgb(155,81,224) 100%)","background_repeat":"repeat","background_size":"auto","background_attachment":"scroll","patternColor":{"default":{"color":"#e5e7ea"}},"overlayColor":{"default":{"color":"CT_CSS_SKIP_RULE"}},"backgroundColor":{"default":{"color":"CT_CSS_SKIP_RULE"}}},"pageTitleBackground":{"background_type":"color","background_pattern":"type-1","background_image":{"attachment_id":null,"x":0,"y":0},"gradient":"linear-gradient(135deg,rgba(6,147,227,1) 0%,rgb(155,81,224) 100%)","background_repeat":"repeat","background_size":"auto","background_attachment":"scroll","patternColor":{"default":{"color":"#e5e7ea"}},"overlayColor":{"default":{"color":"CT_CSS_SKIP_RULE"}},"backgroundColor":{"default":{"color":"var(--theme-palette-color-6)"}}},"pageTitlePadding":{"top":"50px","bottom":"50px","left":"auto","right":"auto","linked":true},"deb3f736da757ee3c368f2e3307d3f1b":"","page_structure_type":"default","8df62c84fd9abcc61f2f6c1f84860274":"","content_style_source":"inherit","content_style":"wide","vertical_spacing_source":"inherit","content_area_spacing":"both","background":{"background_type":"color","background_pattern":"type-1","background_image":{"attachment_id":null,"x":0,"y":0},"gradient":"linear-gradient(135deg,rgba(6,147,227,1) 0%,rgb(155,81,224) 100%)","background_repeat":"repeat","background_size":"auto","background_attachment":"scroll","patternColor":{"default":{"color":"#e5e7ea"}},"overlayColor":{"default":{"color":"CT_CSS_SKIP_RULE"}},"backgroundColor":{"default":{"color":"CT_CSS_SKIP_RULE"}}},"content_background":{"background_type":"color","background_pattern":"type-1","background_image":{"attachment_id":null,"x":0,"y":0},"gradient":"linear-gradient(135deg,rgba(6,147,227,1) 0%,rgb(155,81,224) 100%)","background_repeat":"repeat","background_size":"auto","background_attachment":"scroll","patternColor":{"default":{"color":"#e5e7ea"}},"overlayColor":{"default":{"color":"CT_CSS_SKIP_RULE"}},"backgroundColor":{"default":{"color":"var(--theme-palette-color-8)"}}},"content_boxed_shadow":{"inherit":false,"blur":18,"spread":-6,"v_offset":12,"h_offset":0,"inset":false,"enable":true,"color":{"color":"rgba(34, 56, 101, 0.04)"}},"content_boxed_border":{"width":1,"style":"none","color":{"color":"rgba(44,62,80,0.2)"}},"content_boxed_radius":{"top":"3px","bottom":"3px","left":"3px","right":"3px","linked":true},"boxed_content_spacing":{"desktop":{"top":"40px","bottom":"40px","left":"40px","right":"40px","linked":true},"tablet":{"top":"35px","bottom":"35px","left":"35px","right":"35px","linked":true},"mobile":{"top":"20px","bottom":"20px","left":"20px","right":"20px","linked":true}},"60dd39be4a30572e7eb2cf7accc108cd":"","disable_featured_image":"no","disable_share_box":"no","disable_header":"no","disable_footer":"no","styles_descriptor":{"styles":{"desktop":"","tablet":"","mobile":""},"google_fonts":[],"version":6}},"_links":{"self":[{"href":"https:\/\/domaine-femme-allongee.fr\/index.php\/wp-json\/wp\/v2\/pages\/1716","targetHints":{"allow":["GET"]}}],"collection":[{"href":"https:\/\/domaine-femme-allongee.fr\/index.php\/wp-json\/wp\/v2\/pages"}],"about":[{"href":"https:\/\/domaine-femme-allongee.fr\/index.php\/wp-json\/wp\/v2\/types\/page"}],"author":[{"embeddable":true,"href":"https:\/\/domaine-femme-allongee.fr\/index.php\/wp-json\/wp\/v2\/users\/1"}],"replies":[{"embeddable":true,"href":"https:\/\/domaine-femme-allongee.fr\/index.php\/wp-json\/wp\/v2\/comments?post=1716"}],"version-history":[{"count":4,"href":"https:\/\/domaine-femme-allongee.fr\/index.php\/wp-json\/wp\/v2\/pages\/1716\/revisions"}],"predecessor-version":[{"id":1720,"href":"https:\/\/domaine-femme-allongee.fr\/index.php\/wp-json\/wp\/v2\/pages\/1716\/revisions\/1720"}],"wp:attachment":[{"href":"https:\/\/domaine-femme-allongee.fr\/index.php\/wp-json\/wp\/v2\/media?parent=1716"}],"curies":[{"name":"wp","href":"https:\/\/api.w.org\/{rel}","templated":true}]}}