{"id":1552,"date":"2024-06-15T12:14:22","date_gmt":"2024-06-15T10:14:22","guid":{"rendered":"https:\/\/domaine-femme-allongee.fr\/?page_id=1552"},"modified":"2024-06-17T16:08:43","modified_gmt":"2024-06-17T14:08:43","slug":"le-diable-rouge-2","status":"publish","type":"page","link":"https:\/\/domaine-femme-allongee.fr\/index.php\/le-diable-rouge-2\/","title":{"rendered":"Le Diable Rouge"},"content":{"rendered":"\t\t<div data-elementor-type=\"wp-page\" data-elementor-id=\"1552\" class=\"elementor elementor-1552\">\n\t\t\t\t<div class=\"elementor-element elementor-element-464de44 e-flex e-con-boxed e-con e-parent\" data-id=\"464de44\" data-element_type=\"container\" data-settings=\"{&quot;background_background&quot;:&quot;classic&quot;}\">\n\t\t\t\t\t<div class=\"e-con-inner\">\n\t\t\t\t<div class=\"elementor-element elementor-element-5e441b9 elementor-widget__width-initial elementor-widget elementor-widget-image\" data-id=\"5e441b9\" data-element_type=\"widget\" data-widget_type=\"image.default\">\n\t\t\t\t<div class=\"elementor-widget-container\">\n\t\t\t<style>\/*! elementor - v3.21.0 - 26-05-2024 *\/\n.elementor-widget-image{text-align:center}.elementor-widget-image a{display:inline-block}.elementor-widget-image a img[src$=\".svg\"]{width:48px}.elementor-widget-image img{vertical-align:middle;display:inline-block}<\/style>\t\t\t\t\t\t\t\t\t\t<img fetchpriority=\"high\" decoding=\"async\" width=\"1000\" height=\"617\" src=\"https:\/\/domaine-femme-allongee.fr\/wp-content\/uploads\/2024\/06\/domaine-viticole-herault-valeurs.jpg\" class=\"attachment-full size-full wp-image-1268\" alt=\"\" srcset=\"https:\/\/domaine-femme-allongee.fr\/wp-content\/uploads\/2024\/06\/domaine-viticole-herault-valeurs.jpg 1000w, https:\/\/domaine-femme-allongee.fr\/wp-content\/uploads\/2024\/06\/domaine-viticole-herault-valeurs-300x185.jpg 300w, https:\/\/domaine-femme-allongee.fr\/wp-content\/uploads\/2024\/06\/domaine-viticole-herault-valeurs-768x474.jpg 768w\" sizes=\"(max-width: 1000px) 100vw, 1000px\" \/>\t\t\t\t\t\t\t\t\t\t\t\t\t<\/div>\n\t\t\t\t<\/div>\n\t\t\t\t<div class=\"elementor-element elementor-element-3d3200a elementor-widget elementor-widget-heading\" data-id=\"3d3200a\" data-element_type=\"widget\" data-widget_type=\"heading.default\">\n\t\t\t\t<div class=\"elementor-widget-container\">\n\t\t\t<style>\/*! elementor - v3.21.0 - 26-05-2024 *\/\n.elementor-heading-title{padding:0;margin:0;line-height:1}.elementor-widget-heading .elementor-heading-title[class*=elementor-size-]>a{color:inherit;font-size:inherit;line-height:inherit}.elementor-widget-heading .elementor-heading-title.elementor-size-small{font-size:15px}.elementor-widget-heading .elementor-heading-title.elementor-size-medium{font-size:19px}.elementor-widget-heading .elementor-heading-title.elementor-size-large{font-size:29px}.elementor-widget-heading .elementor-heading-title.elementor-size-xl{font-size:39px}.elementor-widget-heading .elementor-heading-title.elementor-size-xxl{font-size:59px}<\/style><h2 class=\"elementor-heading-title elementor-size-default\">Le Diable Rouge<\/h2>\t\t<\/div>\n\t\t\t\t<\/div>\n\t\t\t\t\t<\/div>\n\t\t\t\t<\/div>\n\t\t<div class=\"elementor-element elementor-element-76e69e1 e-flex e-con-boxed e-con e-parent\" data-id=\"76e69e1\" data-element_type=\"container\">\n\t\t\t\t\t<div class=\"e-con-inner\">\n\t\t\t\t<div class=\"elementor-element elementor-element-ae02011 elementor-widget elementor-widget-text-editor\" data-id=\"ae02011\" data-element_type=\"widget\" data-widget_type=\"text-editor.default\">\n\t\t\t\t<div class=\"elementor-widget-container\">\n\t\t\t<style>\/*! elementor - v3.21.0 - 26-05-2024 *\/\n.elementor-widget-text-editor.elementor-drop-cap-view-stacked .elementor-drop-cap{background-color:#69727d;color:#fff}.elementor-widget-text-editor.elementor-drop-cap-view-framed .elementor-drop-cap{color:#69727d;border:3px solid;background-color:transparent}.elementor-widget-text-editor:not(.elementor-drop-cap-view-default) .elementor-drop-cap{margin-top:8px}.elementor-widget-text-editor:not(.elementor-drop-cap-view-default) .elementor-drop-cap-letter{width:1em;height:1em}.elementor-widget-text-editor .elementor-drop-cap{float:left;text-align:center;line-height:1;font-size:50px}.elementor-widget-text-editor .elementor-drop-cap-letter{display:inline-block}<\/style>\t\t\t\t<p><strong>VIN DU DOMAINE AOC<\/strong><\/p>\t\t\t\t\t\t<\/div>\n\t\t\t\t<\/div>\n\t\t\t\t\t<\/div>\n\t\t\t\t<\/div>\n\t\t<div class=\"elementor-element elementor-element-6512f60 e-grid e-con-boxed e-con e-parent\" data-id=\"6512f60\" data-element_type=\"container\">\n\t\t\t\t\t<div class=\"e-con-inner\">\n\t\t\t\t<div class=\"elementor-element elementor-element-4f7637d elementor-widget elementor-widget-image\" data-id=\"4f7637d\" data-element_type=\"widget\" data-widget_type=\"image.default\">\n\t\t\t\t<div class=\"elementor-widget-container\">\n\t\t\t\t\t\t\t\t\t\t<figure class=\"wp-caption\">\n\t\t\t\t\t\t\t\t\t\t<img decoding=\"async\" width=\"279\" height=\"894\" src=\"https:\/\/domaine-femme-allongee.fr\/wp-content\/uploads\/2024\/06\/le_diable_rouge-removebg-preview.png\" class=\"attachment-large size-large wp-image-1576\" alt=\"\" srcset=\"https:\/\/domaine-femme-allongee.fr\/wp-content\/uploads\/2024\/06\/le_diable_rouge-removebg-preview.png 279w, https:\/\/domaine-femme-allongee.fr\/wp-content\/uploads\/2024\/06\/le_diable_rouge-removebg-preview-94x300.png 94w\" sizes=\"(max-width: 279px) 100vw, 279px\" \/>\t\t\t\t\t\t\t\t\t\t\t<figcaption class=\"widget-image-caption wp-caption-text\">Tarif caveaux  10,30 TTC<\/figcaption>\n\t\t\t\t\t\t\t\t\t\t<\/figure>\n\t\t\t\t\t\t\t<\/div>\n\t\t\t\t<\/div>\n\t\t\t\t<div class=\"elementor-element elementor-element-2c328be elementor-widget elementor-widget-text-editor\" data-id=\"2c328be\" data-element_type=\"widget\" data-widget_type=\"text-editor.default\">\n\t\t\t\t<div class=\"elementor-widget-container\">\n\t\t\t\t\t\t\t<div class=\"et_pb_module et_pb_text et_pb_text_2 et_pb_bg_layout_light et_pb_text_align_left\"><div class=\"et_pb_text_inner\"><div class=\"et_pb_module et_pb_text et_pb_text_2 et_pb_bg_layout_light  et_pb_text_align_left\"><div class=\"et_pb_text_inner\"><p><b>Origine du nom<\/b><\/p><p>\u00ab\u00a0Du surnom du r\u00e9giment dans lequel j\u2019ai servi \u00e9tant plus jeune\u00a0\u00bb\u00a0Jean-Paul Gracia.<\/p><\/div><\/div><div class=\"et_pb_module et_pb_text et_pb_text_3 et_pb_bg_layout_light  et_pb_text_align_left\"><div class=\"et_pb_text_inner\"><p>\u00a0<\/p><p><b>C\u00e9pages<\/b><\/p><p>30% Grenache, 40% Syrah, 15% Carignan, 10 % Mourv\u00e8dre, 5% Cinsaut.<\/p><\/div><\/div><div class=\"et_pb_module et_pb_text et_pb_text_4 et_pb_bg_layout_light  et_pb_text_align_left\"><div class=\"et_pb_text_inner\"><p>\u00a0<\/p><p><b>Vinification de la cuv\u00e9e<\/b><\/p><p>Vinification traditionnelle par c\u00e9page, en cuve acier et fibre.<br \/>\u00c9raflage 100%.<br \/>Cuvaison de 6 \u00e0 8 semaines suivant les c\u00e9pages.<br \/>\u00c9levage de 12 mois en cuve puis 12 mois en bouteille.<br \/>Filtration \u00e0 la mise, pas de collage.<\/p><\/div><\/div><div class=\"et_pb_module et_pb_text et_pb_text_5 et_pb_bg_layout_light  et_pb_text_align_left\"><div class=\"et_pb_text_inner\"><p>\u00a0<\/p><p><strong>Culture et\u00a0<\/strong><strong>terroir\u00a0<\/strong><\/p><p>Culture raisonn\u00e9e\u00a0: apport\u00a0d\u2019amendement organique, broyage de sarments.<br \/>Tout le processus, de la vigne \u00e0 la commercialisation sont r\u00e9alis\u00e9s au domaine par les vignerons.<br \/>Labour tous les rangs, 3 \u00e0 4 fois par an.<br \/>Cueillette manuelle en caissettes de 20 \u00e0 25 kg.<br \/>Rendement : 30hl\/ha.<br \/>Plateau argilo-calcaire.<br \/><strong>Le Diable Rouge<\/strong>\u00a0contient tous les c\u00e9pages rouges autoris\u00e9s dans\u00a0<a href=\"https:\/\/www.languedoc-wines.com\/fr\/languedoc-decouverte\/les-aoc-du-languedoc\/aoc-saint-chinian\">l\u2019A.O.C Saint-Chinian<\/a>.<br \/>Il ne contient aucun des intrants devenus classiques dans l\u2019\u0153nologie moderne, hormis du SO2 \u00e0 la plus faible dose possible (20 \u00e0 30 mg\/litre de SO2 libre).<\/p><\/div><\/div><\/div><\/div>\t\t\t\t\t\t<\/div>\n\t\t\t\t<\/div>\n\t\t\t\t\t<\/div>\n\t\t\t\t<\/div>\n\t\t<div class=\"elementor-element elementor-element-7aee2c5 e-grid e-con-boxed e-con e-parent\" data-id=\"7aee2c5\" data-element_type=\"container\">\n\t\t\t\t\t<div class=\"e-con-inner\">\n\t\t\t\t<div class=\"elementor-element elementor-element-1e113b2 elementor-widget elementor-widget-text-editor\" data-id=\"1e113b2\" data-element_type=\"widget\" data-widget_type=\"text-editor.default\">\n\t\t\t\t<div class=\"elementor-widget-container\">\n\t\t\t\t\t\t\t<p><b>D\u00e9gustation<\/b><\/p><p>Couleur dense, noire avec des reflets violac\u00e9s. Le nez \u00e9voque les fruits noirs, m\u00fbres, cassis, les \u00e9pices. La bouche est dense avec une mati\u00e8re puissante et structur\u00e9e. Les tanins sont pr\u00e9sents, mais fondus. La bouche se termine sur les \u00e9pices et une grande fra\u00eecheur apport\u00e9e par son terroir d\u2019altitude.<\/p>\t\t\t\t\t\t<\/div>\n\t\t\t\t<\/div>\n\t\t\t\t<div class=\"elementor-element elementor-element-df0b763 elementor-widget elementor-widget-image\" data-id=\"df0b763\" data-element_type=\"widget\" data-widget_type=\"image.default\">\n\t\t\t\t<div class=\"elementor-widget-container\">\n\t\t\t\t\t\t\t\t\t\t\t\t\t<img decoding=\"async\" width=\"421\" height=\"280\" src=\"https:\/\/domaine-femme-allongee.fr\/wp-content\/uploads\/2024\/06\/DFA-portrait.jpg\" class=\"attachment-large size-large wp-image-1265\" alt=\"\" srcset=\"https:\/\/domaine-femme-allongee.fr\/wp-content\/uploads\/2024\/06\/DFA-portrait.jpg 421w, https:\/\/domaine-femme-allongee.fr\/wp-content\/uploads\/2024\/06\/DFA-portrait-300x200.jpg 300w\" sizes=\"(max-width: 421px) 100vw, 421px\" \/>\t\t\t\t\t\t\t\t\t\t\t\t\t<\/div>\n\t\t\t\t<\/div>\n\t\t\t\t<div class=\"elementor-element elementor-element-4303ac0 elementor-widget elementor-widget-text-editor\" data-id=\"4303ac0\" data-element_type=\"widget\" data-widget_type=\"text-editor.default\">\n\t\t\t\t<div class=\"elementor-widget-container\">\n\t\t\t\t\t\t\t<p><strong>Le mot du vigneron<\/strong><\/p><p>Un vin rouge puissant, tannique et \u00e9pic\u00e9 avec une belle fra\u00eecheur. Parfait sur une grillade ou des plats en sauce. Un vin \u00e0 boire jeune !<\/p>\t\t\t\t\t\t<\/div>\n\t\t\t\t<\/div>\n\t\t\t\t\t<\/div>\n\t\t\t\t<\/div>\n\t\t<div class=\"elementor-element elementor-element-39f14a4 e-grid e-con-boxed e-con e-parent\" data-id=\"39f14a4\" data-element_type=\"container\">\n\t\t\t\t\t<div class=\"e-con-inner\">\n\t\t\t\t<div class=\"elementor-element elementor-element-47f897a elementor-widget elementor-widget-text-editor\" data-id=\"47f897a\" data-element_type=\"widget\" data-widget_type=\"text-editor.default\">\n\t\t\t\t<div class=\"elementor-widget-container\">\n\t\t\t\t\t\t\t<div class=\"et_pb_module et_pb_text et_pb_text_7 et_pb_bg_layout_light et_pb_text_align_left\"><div class=\"et_pb_text_inner\"><div class=\"et_pb_module et_pb_text et_pb_text_7 et_pb_bg_layout_light et_pb_text_align_left\"><div class=\"et_pb_text_inner\"><div class=\"et_pb_module et_pb_text et_pb_text_7 et_pb_bg_layout_light  et_pb_text_align_left\"><div class=\"et_pb_text_inner\"><p><strong>L\u2019astuce gourmande\u00a0\u00a0<\/strong><\/p><p><strong>Le Diable Rouge<\/strong>, ce vin puissant qui accompagnera vos plus belles viandes rouges, mais aussi canard, mouton et agneau. Il se marie avec les sauces aux \u00e9pices (curry) et \u00e0 l\u2019ail.<\/p><\/div><\/div><div class=\"et_pb_module et_pb_text et_pb_text_8 et_pb_bg_layout_light  et_pb_text_align_left\"><div class=\"et_pb_text_inner\"><p>\u00a0<\/p><p><strong>Service\u00a0<\/strong>\u00a0<\/p><p>14-16\u00b0C.<br \/>Il se gardera 5 \u00e0 8 ans dans votre cave.<\/p><\/div><\/div><div class=\"et_pb_module et_pb_text et_pb_text_9 et_pb_bg_layout_light  et_pb_text_align_left\"><div class=\"et_pb_text_inner\"><p>\u00a0<\/p><p><b>Degr\u00e9 d\u2019alcool<\/b>\u00a0<\/p><p>14% vol.<\/p><\/div><\/div><div class=\"et_pb_module et_pb_text et_pb_text_10 et_pb_bg_layout_light  et_pb_text_align_left\"><div class=\"et_pb_text_inner\"><p>\u00a0<\/p><p><b>Conditionnement<\/b>\u00a0<\/p><p>75 cl.<br \/>Bouteilles bourguignonnes avec bouchons li\u00e8ge. \u00a0<br \/>Mise en bouteille et \u00e9tiquetage par nos soins au Domaine, par le GAEC du Domaine de la Femme Allong\u00e9e \u00e0 Assignan 34360 France.<\/p><\/div><\/div><\/div><\/div><\/div><\/div>\t\t\t\t\t\t<\/div>\n\t\t\t\t<\/div>\n\t\t\t\t<div class=\"elementor-element elementor-element-709566c elementor-widget elementor-widget-image\" data-id=\"709566c\" data-element_type=\"widget\" data-widget_type=\"image.default\">\n\t\t\t\t<div class=\"elementor-widget-container\">\n\t\t\t\t\t\t\t\t\t\t\t\t\t<img loading=\"lazy\" decoding=\"async\" width=\"626\" height=\"417\" src=\"https:\/\/domaine-femme-allongee.fr\/wp-content\/uploads\/2024\/06\/Le-diable-rouge.jpg\" class=\"attachment-large size-large wp-image-1271\" alt=\"\" srcset=\"https:\/\/domaine-femme-allongee.fr\/wp-content\/uploads\/2024\/06\/Le-diable-rouge.jpg 626w, https:\/\/domaine-femme-allongee.fr\/wp-content\/uploads\/2024\/06\/Le-diable-rouge-300x200.jpg 300w\" sizes=\"(max-width: 626px) 100vw, 626px\" \/>\t\t\t\t\t\t\t\t\t\t\t\t\t<\/div>\n\t\t\t\t<\/div>\n\t\t\t\t\t<\/div>\n\t\t\t\t<\/div>\n\t\t<div class=\"elementor-element elementor-element-effed06 e-flex e-con-boxed e-con e-parent\" data-id=\"effed06\" data-element_type=\"container\">\n\t\t\t\t\t<div class=\"e-con-inner\">\n\t\t\t\t<div class=\"elementor-element elementor-element-2d3890b elementor-widget elementor-widget-image\" data-id=\"2d3890b\" data-element_type=\"widget\" data-widget_type=\"image.default\">\n\t\t\t\t<div class=\"elementor-widget-container\">\n\t\t\t\t\t\t\t\t\t\t\t\t\t<img loading=\"lazy\" decoding=\"async\" width=\"1024\" height=\"152\" src=\"https:\/\/domaine-femme-allongee.fr\/wp-content\/uploads\/2024\/06\/55560432_1331430666982155_433745036371296256_n-e1553530852691-1024x152.png\" class=\"attachment-large size-large wp-image-1249\" alt=\"\" srcset=\"https:\/\/domaine-femme-allongee.fr\/wp-content\/uploads\/2024\/06\/55560432_1331430666982155_433745036371296256_n-e1553530852691-1024x152.png 1024w, https:\/\/domaine-femme-allongee.fr\/wp-content\/uploads\/2024\/06\/55560432_1331430666982155_433745036371296256_n-e1553530852691-300x44.png 300w, https:\/\/domaine-femme-allongee.fr\/wp-content\/uploads\/2024\/06\/55560432_1331430666982155_433745036371296256_n-e1553530852691-768x114.png 768w, https:\/\/domaine-femme-allongee.fr\/wp-content\/uploads\/2024\/06\/55560432_1331430666982155_433745036371296256_n-e1553530852691-1536x228.png 1536w, https:\/\/domaine-femme-allongee.fr\/wp-content\/uploads\/2024\/06\/55560432_1331430666982155_433745036371296256_n-e1553530852691-2048x303.png 2048w\" sizes=\"(max-width: 1024px) 100vw, 1024px\" \/>\t\t\t\t\t\t\t\t\t\t\t\t\t<\/div>\n\t\t\t\t<\/div>\n\t\t\t\t\t<\/div>\n\t\t\t\t<\/div>\n\t\t\t\t<\/div>\n\t\t","protected":false},"excerpt":{"rendered":"<p>Le Diable Rouge VIN DU DOMAINE AOC Tarif caveaux 10,30 TTC Origine du nom \u00ab\u00a0Du surnom du r\u00e9giment dans lequel j\u2019ai servi \u00e9tant plus jeune\u00a0\u00bb\u00a0Jean-Paul Gracia. \u00a0 C\u00e9pages 30% Grenache, 40% Syrah, 15% Carignan, 10 % Mourv\u00e8dre, 5% Cinsaut. \u00a0 Vinification de la cuv\u00e9e Vinification traditionnelle par c\u00e9page, en cuve acier et fibre.\u00c9raflage 100%.Cuvaison de [&hellip;]<\/p>\n","protected":false},"author":1,"featured_media":0,"parent":0,"menu_order":0,"comment_status":"closed","ping_status":"closed","template":"","meta":{"_eb_attr":"","footnotes":""},"class_list":["post-1552","page","type-page","status-publish","hentry"],"blocksy_meta":{"page_title_panel":"","has_hero_section":"disabled","fd6d521f699a53c9976fdc53ec6df8aa":"","hero_section":"type-1","hero_elements":[{"id":"custom_title","enabled":true,"heading_tag":"h1","title":"Home"},{"id":"custom_description","enabled":true,"description_visibility":{"desktop":true,"tablet":true,"mobile":false}},{"id":"custom_meta","enabled":false,"meta_elements":[{"id":"author","enabled":true,"label":"By","has_author_avatar":"yes","avatar_size":25},{"id":"post_date","enabled":true,"label":"On","date_format_source":"default","date_format":"M j, Y"},{"id":"updated_date","enabled":false,"label":"On","date_format_source":"default","date_format":"M j, Y"},{"id":"categories","enabled":false,"label":"In","style":"simple"},{"id":"comments","enabled":true}],"page_meta_elements":{"joined":true,"articles_count":true,"comments":true}},{"id":"breadcrumbs","enabled":false}],"3673d9e92fccd9c068002911a4fca6f6":"","hero_alignment1":"CT_CSS_SKIP_RULE","hero_margin":40,"hero_alignment2":"center","hero_vertical_alignment":"center","148a5bc936a76c549bc6875136354cbe":"","hero_structure":"narrow","af3923fb95dca9553568f4619bab67d6":"","page_title_bg_type":"featured_image","custom_hero_background":{"attachment_id":null},"page_title_image_size":"full","parallax":{"desktop":false,"tablet":false,"mobile":false},"4496afa044bed9c6d01877e5c4eff395":"","hero_height":"250px","pageTitleFont":{"family":"Default","variation":"Default","size":"30px","line-height":"CT_CSS_SKIP_RULE","letter-spacing":"CT_CSS_SKIP_RULE","text-transform":"CT_CSS_SKIP_RULE","text-decoration":"CT_CSS_SKIP_RULE"},"pageTitleFontColor":{"default":{"color":"CT_CSS_SKIP_RULEDEFAULT"}},"pageMetaFont":{"family":"Default","variation":"n6","size":"12px","line-height":"1.3","letter-spacing":"CT_CSS_SKIP_RULE","text-transform":"uppercase","text-decoration":"CT_CSS_SKIP_RULE"},"pageMetaFontColor":{"default":{"color":"CT_CSS_SKIP_RULEDEFAULT"},"hover":{"color":"CT_CSS_SKIP_RULEDEFAULT"}},"page_meta_button_type_font_colors":{"default":{"color":"CT_CSS_SKIP_RULEDEFAULT"},"hover":{"color":"CT_CSS_SKIP_RULEDEFAULT"}},"page_meta_button_type_background_colors":{"default":{"color":"CT_CSS_SKIP_RULEDEFAULT"},"hover":{"color":"CT_CSS_SKIP_RULEDEFAULT"}},"pageExcerptFont":{"family":"Default","variation":"Default","size":"CT_CSS_SKIP_RULE","line-height":"CT_CSS_SKIP_RULE","letter-spacing":"CT_CSS_SKIP_RULE","text-transform":"CT_CSS_SKIP_RULE","text-decoration":"CT_CSS_SKIP_RULE"},"pageExcerptColor":{"default":{"color":"CT_CSS_SKIP_RULEDEFAULT"}},"breadcrumbsFont":{"family":"Default","variation":"Default","size":"CT_CSS_SKIP_RULE","line-height":"CT_CSS_SKIP_RULE","letter-spacing":"CT_CSS_SKIP_RULE","text-transform":"CT_CSS_SKIP_RULE","text-decoration":"CT_CSS_SKIP_RULE"},"breadcrumbsFontColor":{"default":{"color":"CT_CSS_SKIP_RULEDEFAULT"},"initial":{"color":"CT_CSS_SKIP_RULEDEFAULT"},"hover":{"color":"CT_CSS_SKIP_RULEDEFAULT"}},"pageTitleOverlay":{"background_type":"color","background_pattern":"type-1","background_image":{"attachment_id":null,"x":0,"y":0},"gradient":"linear-gradient(135deg,rgba(6,147,227,1) 0%,rgb(155,81,224) 100%)","background_repeat":"repeat","background_size":"auto","background_attachment":"scroll","patternColor":{"default":{"color":"#e5e7ea"}},"overlayColor":{"default":{"color":"CT_CSS_SKIP_RULE"}},"backgroundColor":{"default":{"color":"CT_CSS_SKIP_RULE"}}},"pageTitleBackground":{"background_type":"color","background_pattern":"type-1","background_image":{"attachment_id":null,"x":0,"y":0},"gradient":"linear-gradient(135deg,rgba(6,147,227,1) 0%,rgb(155,81,224) 100%)","background_repeat":"repeat","background_size":"auto","background_attachment":"scroll","patternColor":{"default":{"color":"#e5e7ea"}},"overlayColor":{"default":{"color":"CT_CSS_SKIP_RULE"}},"backgroundColor":{"default":{"color":"var(--theme-palette-color-6)"}}},"pageTitlePadding":{"top":"50px","bottom":"50px","left":"auto","right":"auto","linked":true},"deb3f736da757ee3c368f2e3307d3f1b":"","page_structure_type":"default","8df62c84fd9abcc61f2f6c1f84860274":"","content_style_source":"inherit","content_style":"wide","vertical_spacing_source":"inherit","content_area_spacing":"both","background":{"background_type":"color","background_pattern":"type-1","background_image":{"attachment_id":null,"x":0,"y":0},"gradient":"linear-gradient(135deg,rgba(6,147,227,1) 0%,rgb(155,81,224) 100%)","background_repeat":"repeat","background_size":"auto","background_attachment":"scroll","patternColor":{"default":{"color":"#e5e7ea"}},"overlayColor":{"default":{"color":"CT_CSS_SKIP_RULE"}},"backgroundColor":{"default":{"color":"CT_CSS_SKIP_RULE"}}},"content_background":{"background_type":"color","background_pattern":"type-1","background_image":{"attachment_id":null,"x":0,"y":0},"gradient":"linear-gradient(135deg,rgba(6,147,227,1) 0%,rgb(155,81,224) 100%)","background_repeat":"repeat","background_size":"auto","background_attachment":"scroll","patternColor":{"default":{"color":"#e5e7ea"}},"overlayColor":{"default":{"color":"CT_CSS_SKIP_RULE"}},"backgroundColor":{"default":{"color":"var(--theme-palette-color-8)"}}},"content_boxed_shadow":{"inherit":false,"blur":18,"spread":-6,"v_offset":12,"h_offset":0,"inset":false,"enable":true,"color":{"color":"rgba(34, 56, 101, 0.04)"}},"content_boxed_border":{"width":1,"style":"none","color":{"color":"rgba(44,62,80,0.2)"}},"content_boxed_radius":{"top":"3px","bottom":"3px","left":"3px","right":"3px","linked":true},"boxed_content_spacing":{"desktop":{"top":"40px","bottom":"40px","left":"40px","right":"40px","linked":true},"tablet":{"top":"35px","bottom":"35px","left":"35px","right":"35px","linked":true},"mobile":{"top":"20px","bottom":"20px","left":"20px","right":"20px","linked":true}},"60dd39be4a30572e7eb2cf7accc108cd":"","disable_featured_image":"no","disable_share_box":"no","disable_header":"no","disable_footer":"no","styles_descriptor":{"styles":{"desktop":"","tablet":"","mobile":""},"google_fonts":[],"version":6}},"_links":{"self":[{"href":"https:\/\/domaine-femme-allongee.fr\/index.php\/wp-json\/wp\/v2\/pages\/1552","targetHints":{"allow":["GET"]}}],"collection":[{"href":"https:\/\/domaine-femme-allongee.fr\/index.php\/wp-json\/wp\/v2\/pages"}],"about":[{"href":"https:\/\/domaine-femme-allongee.fr\/index.php\/wp-json\/wp\/v2\/types\/page"}],"author":[{"embeddable":true,"href":"https:\/\/domaine-femme-allongee.fr\/index.php\/wp-json\/wp\/v2\/users\/1"}],"replies":[{"embeddable":true,"href":"https:\/\/domaine-femme-allongee.fr\/index.php\/wp-json\/wp\/v2\/comments?post=1552"}],"version-history":[{"count":10,"href":"https:\/\/domaine-femme-allongee.fr\/index.php\/wp-json\/wp\/v2\/pages\/1552\/revisions"}],"predecessor-version":[{"id":1642,"href":"https:\/\/domaine-femme-allongee.fr\/index.php\/wp-json\/wp\/v2\/pages\/1552\/revisions\/1642"}],"wp:attachment":[{"href":"https:\/\/domaine-femme-allongee.fr\/index.php\/wp-json\/wp\/v2\/media?parent=1552"}],"curies":[{"name":"wp","href":"https:\/\/api.w.org\/{rel}","templated":true}]}}